{"id":189,"date":"2020-12-07T10:55:45","date_gmt":"2020-12-07T09:55:45","guid":{"rendered":"http:\/\/darauf-einen-huepperling.de\/?page_id=189"},"modified":"2022-12-20T13:06:03","modified_gmt":"2022-12-20T12:06:03","slug":"impressum","status":"publish","type":"page","link":"https:\/\/darauf-einen-huepperling.de\/en_us\/impressum\/","title":{"rendered":"legal notice"},"content":{"rendered":"<div data-elementor-type=\"wp-page\" data-elementor-id=\"189\" class=\"elementor elementor-189\" data-elementor-post-type=\"page\">\n\t\t\t\t\t\t<section class=\"elementor-section elementor-top-section elementor-element elementor-element-9b0489f elementor-section-boxed elementor-section-height-default elementor-section-height-default\" data-id=\"9b0489f\" data-element_type=\"section\" data-e-type=\"section\">\n\t\t\t\t\t\t<div class=\"elementor-container elementor-column-gap-default\">\n\t\t\t\t\t<div class=\"elementor-column elementor-col-100 elementor-top-column elementor-element elementor-element-5c974bf\" data-id=\"5c974bf\" data-element_type=\"column\" data-e-type=\"column\">\n\t\t\t<div class=\"elementor-widget-wrap elementor-element-populated\">\n\t\t\t\t\t\t<div class=\"elementor-element elementor-element-4da0611 elementor-widget elementor-widget-heading\" data-id=\"4da0611\" data-element_type=\"widget\" data-e-type=\"widget\" data-widget_type=\"heading.default\">\n\t\t\t\t<div class=\"elementor-widget-container\">\n\t\t\t\t\t<h2 class=\"elementor-heading-title elementor-size-default\">legal notice<\/h2>\t\t\t\t<\/div>\n\t\t\t\t<\/div>\n\t\t\t\t<div class=\"elementor-element elementor-element-18771e7 linkunderline elementor-widget elementor-widget-text-editor\" data-id=\"18771e7\" data-element_type=\"widget\" data-e-type=\"widget\" data-widget_type=\"text-editor.default\">\n\t\t\t\t<div class=\"elementor-widget-container\">\n\t\t\t\t\t\t\t\t\t<p>Frank H\u00fcpperling<br>L\u00f6westra\u00dfe 25, 10249 Berlin<br><\/p>\n<p>Trader organic certification: DE-\u00d6KO-001<\/p>\n<p><span style=\"color: var( --e-global-color-primary );\">Email: fh@darauf-einen-huepperling.de<\/span><\/p>\n<p><\/p>\n<p>Responsible for this website (service provider) in accordance with Section 6 of the German Teleservices Act: Frank H\u00fcpperling<\/p>\n<p><\/p>\n<p>Darauf einen H\u00fcpperling is a registered trademark (DPMA no. 302020205473), trademark owner: Frank H\u00fcpperling<br><b style=\"color: var( --e-global-color-primary );\">Brand development &amp; design: <\/b><a style=\"background-color: #ffffff;\" href=\"http:\/\/camera-obscura.agency\">camera-obscura.agency<\/a><span style=\"color: var( --e-global-color-primary );\">, Anja Fae\u00dfer<br><\/span><b style=\"color: var( --e-global-color-primary );\">Web design \/ programming: <\/b><a style=\"background-color: #ffffff;\" href=\"https:\/\/www.b2k-media.de\">B2K Media GmbH<\/a><b style=\"color: var( --e-global-color-primary );\">&nbsp;<br><\/b><b style=\"color: var( --e-global-color-primary );\">Manufacturer \/ producer:<\/b><span style=\"color: var( --e-global-color-primary );\"> Destillerie Farthofer, \u00d6sterreich<\/span><\/p>\n<p><span style=\"color: var( --e-global-color-primary );\">&nbsp;<\/span><\/p>\n<p><span style=\"color: var( --e-global-color-primary );\">Fotocredits: <\/span><a style=\"background-color: #ffffff;\" href=\"https:\/\/stock.adobe.com\/de\/\">https:\/\/stock.adobe.com\/de\/<\/a><\/p>\n<p>Glasses with vodka \u00a9Artem Shadrin| Morraine Lake \u00a9George| Mano di una donna sta accarezzando delle spighe di grano maturo al tramonto. \u00a9Polonio Video| Two vodka shots filled with alcohol on wooden black bar.\u00a9Pawe\u0142 Micha\u0142owski| Cold Russian vodka with snacks on grey table \u00a9New Africa| Hands holding the glasses of vodka and making a toast. \u00a9Igor Savenchuk| Ears of Wheat or Barley at Golden Sunset or Sunrise \u00a9Darren Baker| Schnapsbrennkessel \u00a9Patrick Daxenbichler| Schnapsbrennkessel mit Utensilien \u00a9Patrick Daxenbichler| Hands of male farmer checking grain \u00a9G\u00fcnter Menzl| Big ice cave a at Vatnajokull glacier Iceland \u00a9meneari<\/p>\n<p>Font: Googlewebfont &#8222;Taviraj&#8220;<\/p>\n<p><b>CONTENT<\/b><\/p>\n<p>The information on this website has been prepared with the utmost care. However, errors cannot always be avoided. We therefore do not assume any liability in terms of the information provided being accurate, complete, and up to date. We also do not assume any liability for damages of any kind caused by use of the information, unless we are accused of willful misconduct or gross negligence and it is proved. That shall also apply to software made available to download for free. At all times, we reserve the right to change or delete parts of the entire website or the entire offer or to temporarily or permanently remove the site.<\/p>\n<p><b>RIGHTS<\/b><\/p>\n<p>All contributions and images on this website are subject to copyright law and may not be utilized without our written consent. Utilization means: reproduction, editing, translation, storage, processing, or rendering of content in databases or other electronic media and systems. That does not apply to personal, private, and non-commercial use or storage in the databases of search engines ultimately intended to direct users to this website.<\/p>\t\t\t\t\t\t\t\t<\/div>\n\t\t\t\t<\/div>\n\t\t\t\t\t<\/div>\n\t\t<\/div>\n\t\t\t\t\t<\/div>\n\t\t<\/section>\n\t\t\t\t<\/div>","protected":false},"excerpt":{"rendered":"<p>Impressum Frank H\u00fcpperlingL\u00f6westra\u00dfe 25, 10249 Berlin H\u00e4ndler Bio-Zertifizierung: DE-\u00d6KO-001 E-Mail: fh@darauf-einen-huepperling.de Verantwortlich f\u00fcr diese Homepage (Diensteanbieter) nach \u00a76 des Teledienstgesetzes: Frank H\u00fcpperling Darauf einen H\u00fcpperling ist eine eingetragene Marke (DPMA N\u00b0 302020205473), Markeninhaber: Frank H\u00fcpperlingMarkenentwicklung &amp; Design: camera-obscura.agency, Anja Fae\u00dferWebdesign \/ Programmierung: B2K Media GmbH&nbsp;Hersteller\/Erzeuger: Destillerie Farthofer, \u00d6sterreich &nbsp; Fotocredits: https:\/\/stock.adobe.com\/de\/ Glasses with vodka \u00a9Artem [&hellip;]<\/p>\n","protected":false},"author":1,"featured_media":0,"parent":0,"menu_order":0,"comment_status":"closed","ping_status":"closed","template":"","meta":{"footnotes":""},"class_list":["post-189","page","type-page","status-publish","hentry"],"_links":{"self":[{"href":"https:\/\/darauf-einen-huepperling.de\/en_us\/wp-json\/wp\/v2\/pages\/189","targetHints":{"allow":["GET"]}}],"collection":[{"href":"https:\/\/darauf-einen-huepperling.de\/en_us\/wp-json\/wp\/v2\/pages"}],"about":[{"href":"https:\/\/darauf-einen-huepperling.de\/en_us\/wp-json\/wp\/v2\/types\/page"}],"author":[{"embeddable":true,"href":"https:\/\/darauf-einen-huepperling.de\/en_us\/wp-json\/wp\/v2\/users\/1"}],"replies":[{"embeddable":true,"href":"https:\/\/darauf-einen-huepperling.de\/en_us\/wp-json\/wp\/v2\/comments?post=189"}],"version-history":[{"count":10,"href":"https:\/\/darauf-einen-huepperling.de\/en_us\/wp-json\/wp\/v2\/pages\/189\/revisions"}],"predecessor-version":[{"id":610,"href":"https:\/\/darauf-einen-huepperling.de\/en_us\/wp-json\/wp\/v2\/pages\/189\/revisions\/610"}],"wp:attachment":[{"href":"https:\/\/darauf-einen-huepperling.de\/en_us\/wp-json\/wp\/v2\/media?parent=189"}],"curies":[{"name":"wp","href":"https:\/\/api.w.org\/{rel}","templated":true}]}}