{"id":194,"date":"2020-12-07T10:57:37","date_gmt":"2020-12-07T09:57:37","guid":{"rendered":"http:\/\/darauf-einen-huepperling.de\/?page_id=194"},"modified":"2022-12-20T13:06:11","modified_gmt":"2022-12-20T12:06:11","slug":"datenschutz","status":"publish","type":"page","link":"https:\/\/darauf-einen-huepperling.de\/en_us\/datenschutz\/","title":{"rendered":"Datenschutz"},"content":{"rendered":"<div data-elementor-type=\"wp-page\" data-elementor-id=\"194\" class=\"elementor elementor-194\" data-elementor-post-type=\"page\">\n\t\t\t\t\t\t<section class=\"elementor-section elementor-top-section elementor-element elementor-element-9b0489f elementor-section-boxed elementor-section-height-default elementor-section-height-default\" data-id=\"9b0489f\" data-element_type=\"section\" data-e-type=\"section\">\n\t\t\t\t\t\t<div class=\"elementor-container elementor-column-gap-default\">\n\t\t\t\t\t<div class=\"elementor-column elementor-col-100 elementor-top-column elementor-element elementor-element-5c974bf\" data-id=\"5c974bf\" data-element_type=\"column\" data-e-type=\"column\">\n\t\t\t<div class=\"elementor-widget-wrap elementor-element-populated\">\n\t\t\t\t\t\t<div class=\"elementor-element elementor-element-4da0611 elementor-widget elementor-widget-heading\" data-id=\"4da0611\" data-element_type=\"widget\" data-e-type=\"widget\" data-widget_type=\"heading.default\">\n\t\t\t\t<div class=\"elementor-widget-container\">\n\t\t\t\t\t<h2 class=\"elementor-heading-title elementor-size-default\">Privacy policy<\/h2>\t\t\t\t<\/div>\n\t\t\t\t<\/div>\n\t\t\t\t<div class=\"elementor-element elementor-element-18771e7 elementor-widget elementor-widget-text-editor\" data-id=\"18771e7\" data-element_type=\"widget\" data-e-type=\"widget\" data-widget_type=\"text-editor.default\">\n\t\t\t\t<div class=\"elementor-widget-container\">\n\t\t\t\t\t\t\t\t\t<p>Hello and thank you for visiting our website. Among other things, we take your privacy very seriously and believe that you should be able to determine what happens to your personal data. We would therefore like to tell you how we work.<\/p>\n<p><span style=\"color: var( --e-global-color-primary );\"><b>Who are we?<\/b><br><\/span><span style=\"color: var( --e-global-color-primary );\">Frank H\u00fcpperling,&nbsp;<\/span>L\u00f6westra\u00dfe 25, 10249 Berlin<\/p>\n<p><b>What happens if you just use the website for purely informational purposes?<\/b><br>If you use our website for purely informational purposes, i.e. if you do not register or otherwise transmit information, we collect the following data about you: IP address, date and time of the request, time zone difference to Greenwich Mean Time (GMT), content of the request (specific webpage), access status\/HTTP status code, the amount of data transmitted, the website from which the request came, the browser, the operating system and its interface, and the language and version of the browser software. We receive this data via cookies and directly from your browser. The purposes of the aforementioned processing are to make our website available and statistically analyze its use. Article 6(1), subparagraph 1, point (f) of the GDPR forms the legal basis in this respect, pursuant to which personal data can also be processed without the consent of the data subject if processing is necessary for the purposes of the legitimate interests pursued by the controller or by a third party, except where such interests are overridden by the interests or fundamental rights and freedoms of the data subject which require protection of personal data, in particular where the data subject is a child. The aforementioned purposes are in our interests. With regard to the use of cookies, please refer to \u201cHow do we use cookies on this website?\u201d.<\/p>\n<p><b>Are we required to collect this data? What happens if we don\u2019t collect this data?<\/b><br>We are not legally required to collect this data. However, if we don\u2019t, you may experience difficulties when visiting our website.<\/p>\n<p><b>We are not legally required to collect this data. However, if we don\u2019t, you may experience difficulties when visiting our website.<\/b><br>We do not pass on your data to third parties.<\/p>\n<p><b>We do not pass on your data to third parties.<\/b><br>(1) When using the website, cookies are additionally stored on your computer. Cookies are small text files assigned to your browser and stored on your hard drive, by means of which certain information is sent to whoever placed them (us in this case). Cookies cannot execute programs or transmit viruses to your computer. They are designed to make a website generally more user-friendly and effective.\n(2) We use transient cookies. Transient cookies are deleted automatically when the user closes their browser. A typical example would be session cookies. These store what is known as a session ID, which can be used to attribute different requests from a visitor\u2019s browser to a single session. This allows the visitor\u2019s computer to be recognized when they revisit a website.\n(3) We use persistent cookies. Persistent cookies are deleted automatically after a defined period which can vary from cookie to cookie. The cookies will be deleted after 12 months at the latest.<br>(2) Wir setzen transiente Cookies ein. Transiente Cookies werden automatisiert gel\u00f6scht, wenn der Nutzer den Browser schlie\u00dft. Dazu z\u00e4hlen insbesondere die Session-Cookies. Diese speichern eine sogenannte Session-ID, mit welcher sich verschiedene Anfragen des Besucher-Browsers der gemeinsamen Sitzung zuordnen lassen. Dadurch kann der Besucher-Rechner wiedererkannt werden, wenn der Besucher auf Ihre Website zur\u00fcckkehrt.<br>(3) Wir setzen persistente Cookies ein. Persistente Cookies werden automatisiert nach einer vorgegebenen Dauer gel\u00f6scht, die sich je nach Cookie unterscheiden kann. Die Cookies werden sp\u00e4testens bei Ablauf der nachgenannten Frist gel\u00f6scht: 12 Monate.<\/p>\n<p><b>What are your rights?<\/b><br>You have a number of rights. You have the right to obtain information about processed personal data concerning you, the right to have this data rectified or erased, the right to restrict or object to processing, and the right to data portability. Furthermore, you are entitled to file a complaint with the supervisory authority competent to deal with matters relating to us. We would like to politely point out that these rights may be subject to certain prerequisites being met.<\/p>\t\t\t\t\t\t\t\t<\/div>\n\t\t\t\t<\/div>\n\t\t\t\t\t<\/div>\n\t\t<\/div>\n\t\t\t\t\t<\/div>\n\t\t<\/section>\n\t\t\t\t<\/div>","protected":false},"excerpt":{"rendered":"<p>Datenschutzerkl\u00e4rung Guten Tag und danke f\u00fcr Ihr Interesse an unserer Internetseite. Neben anderen Dingen nehmen wir Ihre Rechte auf Privatsph\u00e4re, Datenschutz und informationelle Selbstbestimmung sehr ernst. Daher m\u00f6chten wir Sie \u00fcber folgendes informieren: Wer sind wir?Frank H\u00fcpperling,&nbsp;L\u00f6westra\u00dfe 25, 10249 Berlin Was geschieht bei der rein informatorischen Nutzung der Internetseite?Wenn Sie unsere Internetseite rein informatorisch nutzen, [&hellip;]<\/p>\n","protected":false},"author":1,"featured_media":0,"parent":0,"menu_order":0,"comment_status":"closed","ping_status":"closed","template":"","meta":{"footnotes":""},"class_list":["post-194","page","type-page","status-publish","hentry"],"_links":{"self":[{"href":"https:\/\/darauf-einen-huepperling.de\/en_us\/wp-json\/wp\/v2\/pages\/194","targetHints":{"allow":["GET"]}}],"collection":[{"href":"https:\/\/darauf-einen-huepperling.de\/en_us\/wp-json\/wp\/v2\/pages"}],"about":[{"href":"https:\/\/darauf-einen-huepperling.de\/en_us\/wp-json\/wp\/v2\/types\/page"}],"author":[{"embeddable":true,"href":"https:\/\/darauf-einen-huepperling.de\/en_us\/wp-json\/wp\/v2\/users\/1"}],"replies":[{"embeddable":true,"href":"https:\/\/darauf-einen-huepperling.de\/en_us\/wp-json\/wp\/v2\/comments?post=194"}],"version-history":[{"count":10,"href":"https:\/\/darauf-einen-huepperling.de\/en_us\/wp-json\/wp\/v2\/pages\/194\/revisions"}],"predecessor-version":[{"id":613,"href":"https:\/\/darauf-einen-huepperling.de\/en_us\/wp-json\/wp\/v2\/pages\/194\/revisions\/613"}],"wp:attachment":[{"href":"https:\/\/darauf-einen-huepperling.de\/en_us\/wp-json\/wp\/v2\/media?parent=194"}],"curies":[{"name":"wp","href":"https:\/\/api.w.org\/{rel}","templated":true}]}}