{"id":189,"date":"2020-12-07T10:55:45","date_gmt":"2020-12-07T09:55:45","guid":{"rendered":"http:\/\/darauf-einen-huepperling.de\/?page_id=189"},"modified":"2022-12-20T13:06:03","modified_gmt":"2022-12-20T12:06:03","slug":"impressum","status":"publish","type":"page","link":"https:\/\/darauf-einen-huepperling.de\/pl\/impressum\/","title":{"rendered":"Stopka redakcyjna"},"content":{"rendered":"<div data-elementor-type=\"wp-page\" data-elementor-id=\"189\" class=\"elementor elementor-189\" data-elementor-post-type=\"page\">\n\t\t\t\t\t\t<section class=\"elementor-section elementor-top-section elementor-element elementor-element-9b0489f elementor-section-boxed elementor-section-height-default elementor-section-height-default\" data-id=\"9b0489f\" data-element_type=\"section\" data-e-type=\"section\">\n\t\t\t\t\t\t<div class=\"elementor-container elementor-column-gap-default\">\n\t\t\t\t\t<div class=\"elementor-column elementor-col-100 elementor-top-column elementor-element elementor-element-5c974bf\" data-id=\"5c974bf\" data-element_type=\"column\" data-e-type=\"column\">\n\t\t\t<div class=\"elementor-widget-wrap elementor-element-populated\">\n\t\t\t\t\t\t<div class=\"elementor-element elementor-element-4da0611 elementor-widget elementor-widget-heading\" data-id=\"4da0611\" data-element_type=\"widget\" data-e-type=\"widget\" data-widget_type=\"heading.default\">\n\t\t\t\t<div class=\"elementor-widget-container\">\n\t\t\t\t\t<h2 class=\"elementor-heading-title elementor-size-default\">Stopka redakcyjna<\/h2>\t\t\t\t<\/div>\n\t\t\t\t<\/div>\n\t\t\t\t<div class=\"elementor-element elementor-element-18771e7 linkunderline elementor-widget elementor-widget-text-editor\" data-id=\"18771e7\" data-element_type=\"widget\" data-e-type=\"widget\" data-widget_type=\"text-editor.default\">\n\t\t\t\t<div class=\"elementor-widget-container\">\n\t\t\t\t\t\t\t\t\t<p>Frank H\u00fcpperling<br>L\u00f6westra\u00dfe 25, 10249 Berlin<br><\/p>\n<p>Sprzedawcy z Bio-Certyfikatem: DE-\u00d6KO-001<\/p>\n<p><span style=\"color: var( --e-global-color-primary );\">E-Mail: fh@darauf-einen-huepperling.de<\/span><\/p>\n<p><\/p>\n<p>Podmiot odpowiedzialny za t\u0119 stron\u0119 internetow\u0105 (dostawca us\u0142ug) zgodnie z \u00a76 ustawy o teleus\u0142ugach: Frank H\u00fcpperling<\/p>\n<p><\/p>\n<p>Darauf einen H\u00fcpperling jest to zastrze\u017cona marka (DPMA N\u00b0 302020205473), w\u0142a\u015bciciel marki: Frank H\u00fcpperling<br><b style=\"color: var( --e-global-color-primary );\">Projekt i wzornictwo marki: <\/b><a style=\"background-color: #ffffff;\" href=\"http:\/\/camera-obscura.agency\">camera-obscura.agency<\/a><span style=\"color: var( --e-global-color-primary );\">, Anja Fae\u00dfer<br><\/span><b style=\"color: var( --e-global-color-primary );\">Projekt strony\/programowanie: <\/b><a style=\"background-color: #ffffff;\" href=\"https:\/\/www.b2k-media.de\">B2K Media GmbH<\/a><b style=\"color: var( --e-global-color-primary );\">&nbsp;<br><\/b><b style=\"color: var( --e-global-color-primary );\">Producent\/tw\u00f3rca:<\/b><span style=\"color: var( --e-global-color-primary );\"> Destillerie Farthofer, \u00d6sterreich<\/span><\/p>\n<p><span style=\"color: var( --e-global-color-primary );\">&nbsp;<\/span><\/p>\n<p><span style=\"color: var( --e-global-color-primary );\">Fotocredits: <\/span><a style=\"background-color: #ffffff;\" href=\"https:\/\/stock.adobe.com\/de\/\">https:\/\/stock.adobe.com\/de\/<\/a><\/p>\n<p>Glasses with vodka \u00a9Artem Shadrin| Morraine Lake \u00a9George| Mano di una donna sta accarezzando delle spighe di grano maturo al tramonto. \u00a9Polonio Video| Two vodka shots filled with alcohol on wooden black bar.\u00a9Pawe\u0142 Micha\u0142owski| Cold Russian vodka with snacks on grey table \u00a9New Africa| Hands holding the glasses of vodka and making a toast. \u00a9Igor Savenchuk| Ears of Wheat or Barley at Golden Sunset or Sunrise \u00a9Darren Baker| Schnapsbrennkessel \u00a9Patrick Daxenbichler| Zbiornik destylacyjny z oprzyrz\u0105dowaniem \u00a9Patrick Daxenbichler| Hands of male farmer checking grain \u00a9G\u00fcnter Menzl| Big ice cave a at Vatnajokull glacier Iceland \u00a9meneari<\/p>\n<p>Font: Googlewebfont &#8222;Taviraj&#8220;<\/p>\n<p><b>TRE\u015a\u0106<\/b><\/p>\n<p>Informacje podane na niniejszej stronie internetowej zosta\u0142y opracowane z najwy\u017csz\u0105 staranno\u015bci\u0105. Mimo to nie mo\u017cna ca\u0142kowicie wykluczy\u0107 b\u0142\u0119d\u00f3w. Dlatego nie mo\u017cemy udzieli\u0107 gwarancji za poprawno\u015b\u0107, kompletno\u015b\u0107 i aktualno\u015b\u0107 udost\u0119pnionych informacji. Nie ponosimy r\u00f3wnie\u017c odpowiedzialno\u015bci za jakiekolwiek szkody spowodowane wykorzystaniem informacji, chyba \u017ce zostanie nam zarzucona i udowodniona wina umy\u015blna lub ra\u017c\u0105ce zaniedbanie. Dotyczy to r\u00f3wnie\u017c oprogramowania udost\u0119pnianego bezp\u0142atnie do pobrania. Zastrzegamy sobie prawo do zmiany lub usuni\u0119cia cz\u0119\u015bci ca\u0142ej oferty internetowej lub ca\u0142ej oferty w dowolnym momencie lub do czasowego lub trwa\u0142ego wy\u0142\u0105czenia strony.<\/p>\n<p><b>PRAWA<\/b><\/p>\n<p>Wszystkie artyku\u0142y i ilustracje przedstawione na tej stronie podlegaj\u0105 prawu autorskiemu i nie wolno ich wykorzystywa\u0107 bez naszej pisemnej zgody. Wykorzystanie oznacza: powielanie, edycj\u0119, t\u0142umaczenie, zapisywanie, przetwarzanie lub odtwarzanie tre\u015bci za pomoc\u0105 baz danych lub innych no\u015bnik\u00f3w i system\u00f3w elektronicznych. Nie dotyczy to osobistego, prywatnego i niekomercyjnego u\u017cytku lub zapisywania w bazach danych wyszukiwarek, kt\u00f3re ostatecznie s\u0142u\u017c\u0105 do kierowania u\u017cytkownik\u00f3w do tej strony internetowej.<\/p>\t\t\t\t\t\t\t\t<\/div>\n\t\t\t\t<\/div>\n\t\t\t\t\t<\/div>\n\t\t<\/div>\n\t\t\t\t\t<\/div>\n\t\t<\/section>\n\t\t\t\t<\/div>","protected":false},"excerpt":{"rendered":"<p>Impressum Frank H\u00fcpperlingL\u00f6westra\u00dfe 25, 10249 Berlin H\u00e4ndler Bio-Zertifizierung: DE-\u00d6KO-001 E-Mail: fh@darauf-einen-huepperling.de Verantwortlich f\u00fcr diese Homepage (Diensteanbieter) nach \u00a76 des Teledienstgesetzes: Frank H\u00fcpperling Darauf einen H\u00fcpperling ist eine eingetragene Marke (DPMA N\u00b0 302020205473), Markeninhaber: Frank H\u00fcpperlingMarkenentwicklung &amp; Design: camera-obscura.agency, Anja Fae\u00dferWebdesign \/ Programmierung: B2K Media GmbH&nbsp;Hersteller\/Erzeuger: Destillerie Farthofer, \u00d6sterreich &nbsp; Fotocredits: https:\/\/stock.adobe.com\/de\/ Glasses with vodka \u00a9Artem [&hellip;]<\/p>\n","protected":false},"author":1,"featured_media":0,"parent":0,"menu_order":0,"comment_status":"closed","ping_status":"closed","template":"","meta":{"footnotes":""},"class_list":["post-189","page","type-page","status-publish","hentry"],"_links":{"self":[{"href":"https:\/\/darauf-einen-huepperling.de\/pl\/wp-json\/wp\/v2\/pages\/189","targetHints":{"allow":["GET"]}}],"collection":[{"href":"https:\/\/darauf-einen-huepperling.de\/pl\/wp-json\/wp\/v2\/pages"}],"about":[{"href":"https:\/\/darauf-einen-huepperling.de\/pl\/wp-json\/wp\/v2\/types\/page"}],"author":[{"embeddable":true,"href":"https:\/\/darauf-einen-huepperling.de\/pl\/wp-json\/wp\/v2\/users\/1"}],"replies":[{"embeddable":true,"href":"https:\/\/darauf-einen-huepperling.de\/pl\/wp-json\/wp\/v2\/comments?post=189"}],"version-history":[{"count":10,"href":"https:\/\/darauf-einen-huepperling.de\/pl\/wp-json\/wp\/v2\/pages\/189\/revisions"}],"predecessor-version":[{"id":610,"href":"https:\/\/darauf-einen-huepperling.de\/pl\/wp-json\/wp\/v2\/pages\/189\/revisions\/610"}],"wp:attachment":[{"href":"https:\/\/darauf-einen-huepperling.de\/pl\/wp-json\/wp\/v2\/media?parent=189"}],"curies":[{"name":"wp","href":"https:\/\/api.w.org\/{rel}","templated":true}]}}