{"id":194,"date":"2020-12-07T10:57:37","date_gmt":"2020-12-07T09:57:37","guid":{"rendered":"http:\/\/darauf-einen-huepperling.de\/?page_id=194"},"modified":"2022-12-20T13:06:11","modified_gmt":"2022-12-20T12:06:11","slug":"datenschutz","status":"publish","type":"page","link":"https:\/\/darauf-einen-huepperling.de\/pl\/datenschutz\/","title":{"rendered":"Datenschutz"},"content":{"rendered":"<div data-elementor-type=\"wp-page\" data-elementor-id=\"194\" class=\"elementor elementor-194\" data-elementor-post-type=\"page\">\n\t\t\t\t\t\t<section class=\"elementor-section elementor-top-section elementor-element elementor-element-9b0489f elementor-section-boxed elementor-section-height-default elementor-section-height-default\" data-id=\"9b0489f\" data-element_type=\"section\" data-e-type=\"section\">\n\t\t\t\t\t\t<div class=\"elementor-container elementor-column-gap-default\">\n\t\t\t\t\t<div class=\"elementor-column elementor-col-100 elementor-top-column elementor-element elementor-element-5c974bf\" data-id=\"5c974bf\" data-element_type=\"column\" data-e-type=\"column\">\n\t\t\t<div class=\"elementor-widget-wrap elementor-element-populated\">\n\t\t\t\t\t\t<div class=\"elementor-element elementor-element-4da0611 elementor-widget elementor-widget-heading\" data-id=\"4da0611\" data-element_type=\"widget\" data-e-type=\"widget\" data-widget_type=\"heading.default\">\n\t\t\t\t<div class=\"elementor-widget-container\">\n\t\t\t\t\t<h2 class=\"elementor-heading-title elementor-size-default\">Polityka prywatno\u015bci<\/h2>\t\t\t\t<\/div>\n\t\t\t\t<\/div>\n\t\t\t\t<div class=\"elementor-element elementor-element-18771e7 elementor-widget elementor-widget-text-editor\" data-id=\"18771e7\" data-element_type=\"widget\" data-e-type=\"widget\" data-widget_type=\"text-editor.default\">\n\t\t\t\t<div class=\"elementor-widget-container\">\n\t\t\t\t\t\t\t\t\t<p>Wszystkie artyku\u0142y i ilustracje przedstawione na tej stronie podlegaj\u0105 prawu autorskiemu i nie wolno ich wykorzystywa\u0107 bez naszej pisemnej zgody. Wykorzystanie oznacza: powielanie, edycj\u0119, t\u0142umaczenie, zapisywanie, przetwarzanie lub odtwarzanie tre\u015bci za pomoc\u0105 baz danych lub innych no\u015bnik\u00f3w i system\u00f3w elektronicznych. Nie dotyczy to osobistego, prywatnego i niekomercyjnego u\u017cytku lub zapisywania w bazach danych wyszukiwarek, kt\u00f3re ostatecznie s\u0142u\u017c\u0105 do kierowania u\u017cytkownik\u00f3w do tej strony internetowej.<\/p>\n<p><span style=\"color: var( --e-global-color-primary );\"><b>Kim jeste\u015bmy?<\/b><br><\/span><span style=\"color: var( --e-global-color-primary );\">Frank H\u00fcpperling,&nbsp;<\/span>L\u00f6westra\u00dfe 25, 10249 Berlin<\/p>\n<p><b>Co si\u0119 dzieje w przypadku wykorzystania strony internetowej wy\u0142\u0105cznie do cel\u00f3w informacyjnych?<\/b><br>W przypadku korzystania z naszej strony internetowej wy\u0142\u0105cznie do cel\u00f3w informacyjnych, tzn. bez rejestrowania si\u0119 jako u\u017cytkownik i bez przekazywania informacji w inny spos\u00f3b, gromadzone s\u0105 nast\u0119puj\u0105ce Pa\u0144stwa dane: adres IP, data i godzina zapytania, r\u00f3\u017cnica stref czasowych wzgl\u0119dem Greenwich Mean Time (GMT), tre\u015b\u0107 zapytania (konkretna strona), status dost\u0119pu\/kod statusu HTTP, ilo\u015b\u0107 przesy\u0142anych danych w ka\u017cdym przypadku, strona internetowa, z kt\u00f3rej pochodzi zapytanie, przegl\u0105darka, system operacyjny i jego interfejs, j\u0119zyk i wersja programu przegl\u0105darki. Otrzymujemy te dane za po\u015brednictwem plik\u00f3w cookie oraz bezpo\u015brednio z przegl\u0105darki u\u017cytkownika. Celem ich przetwarzania jest udost\u0119pnianie naszej strony internetowej i analiza statystyczna. Podstaw\u0105 prawn\u0105 takich dzia\u0142a\u0144 jest art. 6 ust. 1 zdanie 1 lit. f RODO, zgodnie z kt\u00f3rym przetwarzanie danych osobowych jest mo\u017cliwe r\u00f3wnie\u017c bez zgody osoby, kt\u00f3rych dane te dotycz\u0105, je\u015bli przetwarzanie jest wymagane w celu ochrony uzasadnionych interes\u00f3w administratora lub osoby trzeciej, o ile nie przewa\u017caj\u0105 interesy lub prawa podstawowe wymagaj\u0105ce ochrony danych osobowych w przypadku, gdy osob\u0105 zainteresowan\u0105 jest dziecko. Powy\u017csze cele le\u017c\u0105 w naszym interesie. W zakresie, w jakim u\u017cywamy plik\u00f3w cookie, odsy\u0142amy do naszych o\u015bwiadcze\u0144 w cz\u0119\u015bci \u201eJak u\u017cywamy plik\u00f3w cookie na tej stronie internetowej?\u201d.<\/p>\n<p><b>Czy jeste\u015bmy zobowi\u0105zani do gromadzenia tych danych? Co si\u0119 dzieje, gdy nie gromadzimy tych danych?<\/b><br>Nie ma prawnego obowi\u0105zku gromadzenia tych danych. Istnieje jednak mo\u017cliwo\u015b\u0107, \u017ce w razie niegromadzenia danych odwiedzenie naszej strony internetowej b\u0119dzie utrudnione.<\/p>\n<p><b>Kto potencjalnie mo\u017ce mie\u0107 dost\u0119p do Pa\u0144stwa danych? Oraz: Czy dane te opuszczaj\u0105 Uni\u0119 Europejsk\u0105 lub Europejski Obszar Gospodarczy?<\/b><br>Nie udost\u0119pniamy danych stronom trzecim.<\/p>\n<p><b>Jak u\u017cywamy plik\u00f3w cookie na tej stronie internetowej?<\/b><br>(1) Pliki cookie s\u0105 r\u00f3wnie\u017c przechowywane na Pa\u0144stwa komputerze podczas korzystania ze strony internetowej. Cookie s\u0105 to ma\u0142e pliki tekstowe, kt\u00f3re s\u0105 przechowywane na Pa\u0144stwa dysku twardym w przegl\u0105darce i przez kt\u00f3re okre\u015blone informacje przep\u0142ywaj\u0105 do miejsca, kt\u00f3re ustawia plik cookie (w tym przypadku do nas). Pliki cookie nie mog\u0105 uruchamia\u0107 program\u00f3w ani przenosi\u0107 wirus\u00f3w na komputer. S\u0142u\u017c\u0105 do tego, aby oferta internetowa by\u0142a og\u00f3lnie bardziej przyjazna dla u\u017cytkownika i efektywna.<br>(2) U\u017cywamy tymczasowych plik\u00f3w cookie. Tymczasowe pliki cookie s\u0105 automatycznie usuwane po zamkni\u0119ciu przegl\u0105darki przez u\u017cytkownika. Nale\u017c\u0105 do nich w szczeg\u00f3lno\u015bci sesyjne pliki cookie. Przechowuj\u0105 one tak zwany identyfikator sesji, za pomoc\u0105 kt\u00f3rego do wsp\u00f3lnej sesji mo\u017cna przypisa\u0107 r\u00f3\u017cne zapytania z przegl\u0105darki osoby odwiedzaj\u0105cej. Pozwala to na rozpoznanie komputera osoby odwiedzaj\u0105cej, gdy powr\u00f3ci ona na stron\u0119 internetow\u0105.<br>(3) U\u017cywamy trwa\u0142ych plik\u00f3w cookie. Trwa\u0142e pliki cookie s\u0105 automatycznie usuwane po okre\u015blonym czasie, kt\u00f3ry mo\u017ce si\u0119 r\u00f3\u017cni\u0107 w zale\u017cno\u015bci od pliku cookie. Te pliki cookie s\u0105 usuwane najp\u00f3\u017aniej po up\u0142ywie nast\u0119puj\u0105cego okresu: 12 miesi\u0119cy.<\/p>\n<p><b>Jakie prawa Pa\u0144stwu przys\u0142uguj\u0105?<\/b><br>Przys\u0142uguj\u0105 Pa\u0144stwu pewne prawa. Przys\u0142uguje Pa\u0144stwo prawo do informacji o swoich przetwarzanych danych osobowych, prawo do sprostowania lub usuni\u0119cia, ograniczenia przetwarzania, sprzeciwu wobec przetwarzania oraz do przenoszenia danych. Przys\u0142uguje r\u00f3wnie\u017c mo\u017cliwo\u015b\u0107 z\u0142o\u017cenia za naszym po\u015brednictwem skargi do w\u0142a\u015bciwego organu nadzorczego. Chcieliby\u015bmy uprzejmie zaznaczy\u0107, \u017ce prawa te mog\u0105 podlega\u0107 warunkom, na kt\u00f3rych spe\u0142nienie mo\u017cemy nalega\u0107.<\/p>\t\t\t\t\t\t\t\t<\/div>\n\t\t\t\t<\/div>\n\t\t\t\t\t<\/div>\n\t\t<\/div>\n\t\t\t\t\t<\/div>\n\t\t<\/section>\n\t\t\t\t<\/div>","protected":false},"excerpt":{"rendered":"<p>Datenschutzerkl\u00e4rung Guten Tag und danke f\u00fcr Ihr Interesse an unserer Internetseite. Neben anderen Dingen nehmen wir Ihre Rechte auf Privatsph\u00e4re, Datenschutz und informationelle Selbstbestimmung sehr ernst. Daher m\u00f6chten wir Sie \u00fcber folgendes informieren: Wer sind wir?Frank H\u00fcpperling,&nbsp;L\u00f6westra\u00dfe 25, 10249 Berlin Was geschieht bei der rein informatorischen Nutzung der Internetseite?Wenn Sie unsere Internetseite rein informatorisch nutzen, [&hellip;]<\/p>\n","protected":false},"author":1,"featured_media":0,"parent":0,"menu_order":0,"comment_status":"closed","ping_status":"closed","template":"","meta":{"footnotes":""},"class_list":["post-194","page","type-page","status-publish","hentry"],"_links":{"self":[{"href":"https:\/\/darauf-einen-huepperling.de\/pl\/wp-json\/wp\/v2\/pages\/194","targetHints":{"allow":["GET"]}}],"collection":[{"href":"https:\/\/darauf-einen-huepperling.de\/pl\/wp-json\/wp\/v2\/pages"}],"about":[{"href":"https:\/\/darauf-einen-huepperling.de\/pl\/wp-json\/wp\/v2\/types\/page"}],"author":[{"embeddable":true,"href":"https:\/\/darauf-einen-huepperling.de\/pl\/wp-json\/wp\/v2\/users\/1"}],"replies":[{"embeddable":true,"href":"https:\/\/darauf-einen-huepperling.de\/pl\/wp-json\/wp\/v2\/comments?post=194"}],"version-history":[{"count":10,"href":"https:\/\/darauf-einen-huepperling.de\/pl\/wp-json\/wp\/v2\/pages\/194\/revisions"}],"predecessor-version":[{"id":613,"href":"https:\/\/darauf-einen-huepperling.de\/pl\/wp-json\/wp\/v2\/pages\/194\/revisions\/613"}],"wp:attachment":[{"href":"https:\/\/darauf-einen-huepperling.de\/pl\/wp-json\/wp\/v2\/media?parent=194"}],"curies":[{"name":"wp","href":"https:\/\/api.w.org\/{rel}","templated":true}]}}