{"id":189,"date":"2020-12-07T10:55:45","date_gmt":"2020-12-07T09:55:45","guid":{"rendered":"http:\/\/darauf-einen-huepperling.de\/?page_id=189"},"modified":"2022-12-20T13:06:03","modified_gmt":"2022-12-20T12:06:03","slug":"impressum","status":"publish","type":"page","link":"https:\/\/darauf-einen-huepperling.de\/uk\/impressum\/","title":{"rendered":"\u0420\u0435\u0434\u0430\u043a\u0446\u0456\u0439\u043d\u0430 \u043f\u0440\u0438\u043c\u0456\u0442\u043a\u0430"},"content":{"rendered":"<div data-elementor-type=\"wp-page\" data-elementor-id=\"189\" class=\"elementor elementor-189\" data-elementor-post-type=\"page\">\n\t\t\t\t\t\t<section class=\"elementor-section elementor-top-section elementor-element elementor-element-9b0489f elementor-section-boxed elementor-section-height-default elementor-section-height-default\" data-id=\"9b0489f\" data-element_type=\"section\" data-e-type=\"section\">\n\t\t\t\t\t\t<div class=\"elementor-container elementor-column-gap-default\">\n\t\t\t\t\t<div class=\"elementor-column elementor-col-100 elementor-top-column elementor-element elementor-element-5c974bf\" data-id=\"5c974bf\" data-element_type=\"column\" data-e-type=\"column\">\n\t\t\t<div class=\"elementor-widget-wrap elementor-element-populated\">\n\t\t\t\t\t\t<div class=\"elementor-element elementor-element-4da0611 elementor-widget elementor-widget-heading\" data-id=\"4da0611\" data-element_type=\"widget\" data-e-type=\"widget\" data-widget_type=\"heading.default\">\n\t\t\t\t<div class=\"elementor-widget-container\">\n\t\t\t\t\t<h2 class=\"elementor-heading-title elementor-size-default\">\u0420\u0435\u0434\u0430\u043a\u0446\u0456\u0439\u043d\u0430 \u043f\u0440\u0438\u043c\u0456\u0442\u043a\u0430<\/h2>\t\t\t\t<\/div>\n\t\t\t\t<\/div>\n\t\t\t\t<div class=\"elementor-element elementor-element-18771e7 linkunderline elementor-widget elementor-widget-text-editor\" data-id=\"18771e7\" data-element_type=\"widget\" data-e-type=\"widget\" data-widget_type=\"text-editor.default\">\n\t\t\t\t<div class=\"elementor-widget-container\">\n\t\t\t\t\t\t\t\t\t<p>Frank H\u00fcpperling<br>L\u00f6westra\u00dfe 25, 10249 Berlin<br><\/p>\n<p>\u041f\u0440\u043e\u0434\u0430\u0432\u0446\u0456 \u0437 \u0411\u0456\u043e-\u0441\u0435\u0440\u0442\u0438\u0444\u0456\u043a\u0430\u0442\u043e\u043c: DE-\u00d6KO-001<\/p>\n<p><span style=\"color: var( --e-global-color-primary );\">E-Mail: fh@darauf-einen-huepperling.de<\/span><\/p>\n<p><\/p>\n<p>\u0412\u0456\u0434\u043f\u043e\u0432\u0456\u0434\u0430\u043b\u044c\u043d\u0430 \u0441\u0442\u043e\u0440\u043e\u043d\u0430 \u0437\u0430 \u0446\u0435\u0439 \u0432\u0435\u0431-\u0441\u0430\u0439\u0442 (\u043f\u043e\u0441\u0442\u0430\u0447\u0430\u043b\u044c\u043d\u0438\u043a \u043f\u043e\u0441\u043b\u0443\u0433) \u0432\u0456\u0434\u043f\u043e\u0432\u0456\u0434\u043d\u043e \u0434\u043e \u00a7 6 \u0417\u0430\u043a\u043e\u043d\u0443 \u043f\u0440\u043e \u0442\u0435\u043b\u0435\u043f\u043e\u0441\u043b\u0443\u0433\u0438: Frank H\u00fcpperling<\/p>\n<p><\/p>\n<p>Darauf einen H\u00fcpperling jest to zastrze\u017cona marka (DPMA N\u00b0 302020205473), w\u0142a\u015bciciel marki: Frank H\u00fcpperling<br><b style=\"color: var( --e-global-color-primary );\">\u041f\u0440\u043e\u0435\u043a\u0442 \u0442\u0430 \u0434\u0438\u0437\u0430\u0439\u043d \u0431\u0440\u0435\u043d\u0434\u0443: <\/b><a style=\"background-color: #ffffff;\" href=\"http:\/\/camera-obscura.agency\">camera-obscura.agency<\/a><span style=\"color: var( --e-global-color-primary );\">, Anja Fae\u00dfer<br><\/span><b style=\"color: var( --e-global-color-primary );\">\u0414\u0438\u0437\u0430\u0439\u043d \u0441\u0430\u0439\u0442\u0443 \/ \u043f\u0440\u043e\u0433\u0440\u0430\u043c\u0443\u0432\u0430\u043d\u043d\u044f: <\/b><a style=\"background-color: #ffffff;\" href=\"https:\/\/www.b2k-media.de\">B2K Media GmbH<\/a><b style=\"color: var( --e-global-color-primary );\">&nbsp;<br><\/b><b style=\"color: var( --e-global-color-primary );\">\u0412\u0438\u0440\u043e\u0431\u043d\u0438\u043a \/ \u0442\u0432\u043e\u0440\u0435\u0446\u044c:<\/b><span style=\"color: var( --e-global-color-primary );\"> Destillerie Farthofer, \u00d6sterreich<\/span><\/p>\n<p><span style=\"color: var( --e-global-color-primary );\">&nbsp;<\/span><\/p>\n<p><span style=\"color: var( --e-global-color-primary );\">Fotocredits: <\/span><a style=\"background-color: #ffffff;\" href=\"https:\/\/stock.adobe.com\/de\/\">https:\/\/stock.adobe.com\/de\/<\/a><\/p>\n<p>Glasses with vodka \u00a9Artem Shadrin| Morraine Lake \u00a9George| Mano di una donna sta accarezzando delle spighe di grano maturo al tramonto. \u00a9Polonio Video| Two vodka shots filled with alcohol on wooden black bar.\u00a9Pawe\u0142 Micha\u0142owski| Cold Russian vodka with snacks on grey table \u00a9New Africa| Hands holding the glasses of vodka and making a toast. \u00a9Igor Savenchuk| Ears of Wheat or Barley at Golden Sunset or Sunrise \u00a9Darren Baker| Schnapsbrennkessel \u00a9Patrick Daxenbichler| Schnapsbrennkessel mit Utensilien \u00a9Patrick Daxenbichler| Hands of male farmer checking grain \u00a9G\u00fcnter Menzl| Big ice cave a at Vatnajokull glacier Iceland \u00a9meneari<\/p>\n<p>Font: Googlewebfont &#8222;Taviraj&#8220;<\/p>\n<p><b>\u0417\u041c\u0406\u0421\u0422<\/b><\/p>\n<p>\u0406\u043d\u0444\u043e\u0440\u043c\u0430\u0446\u0456\u044f, \u043f\u0440\u0435\u0434\u0441\u0442\u0430\u0432\u043b\u0435\u043d\u0430 \u043d\u0430 \u0446\u044c\u043e\u043c\u0443 \u0432\u0435\u0431-\u0441\u0430\u0439\u0442\u0456, \u0431\u0443\u043b\u0430 \u0437\u0456\u0431\u0440\u0430\u043d\u0430 \u0437 \u043c\u0430\u043a\u0441\u0438\u043c\u0430\u043b\u044c\u043d\u043e\u044e \u0440\u0435\u0442\u0435\u043b\u044c\u043d\u0456\u0441\u0442\u044e. \u041f\u0440\u043e\u0442\u0435 \u043f\u043e\u0432\u043d\u0456\u0441\u0442\u044e \u0432\u0438\u043a\u043b\u044e\u0447\u0438\u0442\u0438 \u043f\u043e\u043c\u0438\u043b\u043e\u043a \u043d\u0435 \u043c\u043e\u0436\u043d\u0430. \u0422\u043e\u043c\u0443 \u043c\u0438 \u043d\u0435 \u043c\u043e\u0436\u0435\u043c\u043e \u0433\u0430\u0440\u0430\u043d\u0442\u0443\u0432\u0430\u0442\u0438, \u0449\u043e \u043d\u0430\u0434\u0430\u043d\u0430 \u0456\u043d\u0444\u043e\u0440\u043c\u0430\u0446\u0456\u044f \u0454 \u043f\u0440\u0430\u0432\u0438\u043b\u044c\u043d\u043e\u044e, \u043f\u043e\u0432\u043d\u043e\u044e \u0442\u0430 \u0430\u043a\u0442\u0443\u0430\u043b\u044c\u043d\u043e\u044e. \u041c\u0438 \u0442\u0430\u043a\u043e\u0436 \u043d\u0435 \u043d\u0435\u0441\u0435\u043c\u043e \u0432\u0456\u0434\u043f\u043e\u0432\u0456\u0434\u0430\u043b\u044c\u043d\u043e\u0441\u0442\u0456 \u0437\u0430 \u0431\u0443\u0434\u044c-\u044f\u043a\u0438\u0439 \u0437\u0431\u0438\u0442\u043e\u043a, \u0437\u0430\u043f\u043e\u0434\u0456\u044f\u043d\u0438\u0439 \u0432\u0438\u043a\u043e\u0440\u0438\u0441\u0442\u0430\u043d\u043d\u044f\u043c \u0456\u043d\u0444\u043e\u0440\u043c\u0430\u0446\u0456\u0457, \u0437\u0430 \u0432\u0438\u043d\u044f\u0442\u043a\u043e\u043c \u0432\u0438\u043f\u0430\u0434\u043a\u0456\u0432, \u043a\u043e\u043b\u0438 \u043d\u0430\u0441 \u0437\u0432\u0438\u043d\u0443\u0432\u0430\u0447\u0443\u044e\u0442\u044c \u0456 \u043d\u0435 \u0434\u043e\u0432\u0435\u0434\u0435\u043d\u043e \u0443 \u043d\u0430\u0432\u043c\u0438\u0441\u043d\u043e\u043c\u0443 \u043d\u0430\u043c\u0456\u0440\u0456 \u0430\u0431\u043e \u0433\u0440\u0443\u0431\u0456\u0439 \u043d\u0435\u0434\u0431\u0430\u043b\u043e\u0441\u0442\u0456. \u0426\u0435 \u0442\u0430\u043a\u043e\u0436 \u0441\u0442\u043e\u0441\u0443\u0454\u0442\u044c\u0441\u044f \u043f\u0440\u043e\u0433\u0440\u0430\u043c\u043d\u043e\u0433\u043e \u0437\u0430\u0431\u0435\u0437\u043f\u0435\u0447\u0435\u043d\u043d\u044f, \u044f\u043a\u0435 \u0434\u043e\u0441\u0442\u0443\u043f\u043d\u0435 \u0434\u043b\u044f \u0431\u0435\u0437\u043a\u043e\u0448\u0442\u043e\u0432\u043d\u043e\u0433\u043e \u0437\u0430\u0432\u0430\u043d\u0442\u0430\u0436\u0435\u043d\u043d\u044f. \u041c\u0438 \u0437\u0430\u043b\u0438\u0448\u0430\u0454\u043c\u043e \u0437\u0430 \u0441\u043e\u0431\u043e\u044e \u043f\u0440\u0430\u0432\u043e \u0437\u043c\u0456\u043d\u044e\u0432\u0430\u0442\u0438 \u0430\u0431\u043e \u0432\u0438\u0434\u0430\u043b\u044f\u0442\u0438 \u0447\u0430\u0441\u0442\u0438\u043d\u0438 \u0432\u0441\u0456\u0454\u0457 \u043f\u0440\u043e\u043f\u043e\u0437\u0438\u0446\u0456\u0457 \u0432\u0435\u0431-\u0441\u0430\u0439\u0442\u0443 \u0430\u0431\u043e \u0432\u0441\u0456\u0454\u0457 \u043f\u0440\u043e\u043f\u043e\u0437\u0438\u0446\u0456\u0457 \u0432 \u0431\u0443\u0434\u044c-\u044f\u043a\u0438\u0439 \u0447\u0430\u0441 \u0430\u0431\u043e \u0442\u0438\u043c\u0447\u0430\u0441\u043e\u0432\u043e, \u0430\u0431\u043e \u043d\u0430\u0437\u0430\u0432\u0436\u0434\u0438 \u0432\u0456\u0434\u043a\u043b\u044e\u0447\u0438\u0442\u0438 \u0441\u0430\u0439\u0442.<\/p>\n<p><b>\u041f\u0420\u0410\u0412\u0410<\/b><\/p>\n<p>\u0412\u0441\u0456 \u0441\u0442\u0430\u0442\u0442\u0456 \u0442\u0430 \u0456\u043b\u044e\u0441\u0442\u0440\u0430\u0446\u0456\u0457, \u043f\u0440\u0435\u0434\u0441\u0442\u0430\u0432\u043b\u0435\u043d\u0456 \u043d\u0430 \u0446\u044c\u043e\u043c\u0443 \u0441\u0430\u0439\u0442\u0456, \u043f\u0456\u0434\u043b\u044f\u0433\u0430\u044e\u0442\u044c \u0430\u0432\u0442\u043e\u0440\u0441\u044c\u043a\u043e\u043c\u0443 \u043f\u0440\u0430\u0432\u0443 \u0456 \u043d\u0435 \u043f\u043e\u0432\u0438\u043d\u043d\u0456 \u0432\u0438\u043a\u043e\u0440\u0438\u0441\u0442\u043e\u0432\u0443\u0432\u0430\u0442\u0438\u0441\u044f \u0431\u0435\u0437 \u043d\u0430\u0448\u043e\u0457 \u043f\u0438\u0441\u044c\u043c\u043e\u0432\u043e\u0457 \u0437\u0433\u043e\u0434\u0438. \u0412\u0438\u043a\u043e\u0440\u0438\u0441\u0442\u0430\u043d\u043d\u044f \u043e\u0437\u043d\u0430\u0447\u0430\u0454: \u0432\u0456\u0434\u0442\u0432\u043e\u0440\u0435\u043d\u043d\u044f, \u0440\u0435\u0434\u0430\u0433\u0443\u0432\u0430\u043d\u043d\u044f, \u043f\u0435\u0440\u0435\u043a\u043b\u0430\u0434, \u0437\u0431\u0435\u0440\u0435\u0436\u0435\u043d\u043d\u044f, \u043e\u0431\u0440\u043e\u0431\u043a\u0430 \u0430\u0431\u043e \u0432\u0456\u0434\u0442\u0432\u043e\u0440\u0435\u043d\u043d\u044f \u043a\u043e\u043d\u0442\u0435\u043d\u0442\u0443 \u0437 \u0432\u0438\u043a\u043e\u0440\u0438\u0441\u0442\u0430\u043d\u043d\u044f\u043c \u0431\u0430\u0437 \u0434\u0430\u043d\u0438\u0445 \u0430\u0431\u043e \u0456\u043d\u0448\u0438\u0445 \u043d\u043e\u0441\u0456\u0457\u0432 \u0456 \u0435\u043b\u0435\u043a\u0442\u0440\u043e\u043d\u043d\u0438\u0445 \u0441\u0438\u0441\u0442\u0435\u043c. \u0426\u0435 \u043d\u0435 \u0441\u0442\u043e\u0441\u0443\u0454\u0442\u044c\u0441\u044f \u043e\u0441\u043e\u0431\u0438\u0441\u0442\u043e\u0433\u043e, \u043f\u0440\u0438\u0432\u0430\u0442\u043d\u043e\u0433\u043e \u0442\u0430 \u043d\u0435\u043a\u043e\u043c\u0435\u0440\u0446\u0456\u0439\u043d\u043e\u0433\u043e \u0432\u0438\u043a\u043e\u0440\u0438\u0441\u0442\u0430\u043d\u043d\u044f \u0430\u0431\u043e \u0437\u0431\u0435\u0440\u0435\u0436\u0435\u043d\u043d\u044f \u0432 \u0431\u0430\u0437\u0430\u0445 \u0434\u0430\u043d\u0438\u0445 \u043f\u043e\u0448\u0443\u043a\u043e\u0432\u0438\u0445 \u0441\u0438\u0441\u0442\u0435\u043c, \u044f\u043a\u0456 \u0432 \u043a\u0456\u043d\u0446\u0435\u0432\u043e\u043c\u0443 \u043f\u0456\u0434\u0441\u0443\u043c\u043a\u0443 \u0432\u0438\u043a\u043e\u0440\u0438\u0441\u0442\u043e\u0432\u0443\u044e\u0442\u044c\u0441\u044f \u0434\u043b\u044f \u0437\u0430\u043b\u0443\u0447\u0435\u043d\u043d\u044f \u043a\u043e\u0440\u0438\u0441\u0442\u0443\u0432\u0430\u0447\u0456\u0432 \u043d\u0430 \u0446\u0435\u0439 \u0432\u0435\u0431-\u0441\u0430\u0439\u0442.<\/p>\t\t\t\t\t\t\t\t<\/div>\n\t\t\t\t<\/div>\n\t\t\t\t\t<\/div>\n\t\t<\/div>\n\t\t\t\t\t<\/div>\n\t\t<\/section>\n\t\t\t\t<\/div>","protected":false},"excerpt":{"rendered":"<p>Impressum Frank H\u00fcpperlingL\u00f6westra\u00dfe 25, 10249 Berlin H\u00e4ndler Bio-Zertifizierung: DE-\u00d6KO-001 E-Mail: fh@darauf-einen-huepperling.de Verantwortlich f\u00fcr diese Homepage (Diensteanbieter) nach \u00a76 des Teledienstgesetzes: Frank H\u00fcpperling Darauf einen H\u00fcpperling ist eine eingetragene Marke (DPMA N\u00b0 302020205473), Markeninhaber: Frank H\u00fcpperlingMarkenentwicklung &amp; Design: camera-obscura.agency, Anja Fae\u00dferWebdesign \/ Programmierung: B2K Media GmbH&nbsp;Hersteller\/Erzeuger: Destillerie Farthofer, \u00d6sterreich &nbsp; Fotocredits: https:\/\/stock.adobe.com\/de\/ Glasses with vodka \u00a9Artem [&hellip;]<\/p>\n","protected":false},"author":1,"featured_media":0,"parent":0,"menu_order":0,"comment_status":"closed","ping_status":"closed","template":"","meta":{"footnotes":""},"class_list":["post-189","page","type-page","status-publish","hentry"],"_links":{"self":[{"href":"https:\/\/darauf-einen-huepperling.de\/uk\/wp-json\/wp\/v2\/pages\/189","targetHints":{"allow":["GET"]}}],"collection":[{"href":"https:\/\/darauf-einen-huepperling.de\/uk\/wp-json\/wp\/v2\/pages"}],"about":[{"href":"https:\/\/darauf-einen-huepperling.de\/uk\/wp-json\/wp\/v2\/types\/page"}],"author":[{"embeddable":true,"href":"https:\/\/darauf-einen-huepperling.de\/uk\/wp-json\/wp\/v2\/users\/1"}],"replies":[{"embeddable":true,"href":"https:\/\/darauf-einen-huepperling.de\/uk\/wp-json\/wp\/v2\/comments?post=189"}],"version-history":[{"count":10,"href":"https:\/\/darauf-einen-huepperling.de\/uk\/wp-json\/wp\/v2\/pages\/189\/revisions"}],"predecessor-version":[{"id":610,"href":"https:\/\/darauf-einen-huepperling.de\/uk\/wp-json\/wp\/v2\/pages\/189\/revisions\/610"}],"wp:attachment":[{"href":"https:\/\/darauf-einen-huepperling.de\/uk\/wp-json\/wp\/v2\/media?parent=189"}],"curies":[{"name":"wp","href":"https:\/\/api.w.org\/{rel}","templated":true}]}}